{"id":16,"date":"2025-04-18T22:40:26","date_gmt":"2025-04-18T22:40:26","guid":{"rendered":"https:\/\/terapiadehipnosisenaudio.com\/MICATALOGO\/?page_id=16"},"modified":"2025-04-19T16:48:22","modified_gmt":"2025-04-19T16:48:22","slug":"listado-de-audios","status":"publish","type":"page","link":"https:\/\/terapiadehipnosisenaudio.com\/MICATALOGO\/index.php\/listado-de-audios\/","title":{"rendered":"LISTADO DE AUDIOS"},"content":{"rendered":"<p>[et_pb_section fb_built=\u00bb1&#8243; _builder_version=\u00bb4.27.0&#8243; _module_preset=\u00bbdefault\u00bb background_image=\u00bbhttp:\/\/terapiadehipnosisenaudio.com\/wp-content\/uploads\/2023\/08\/musica-scaled.webp\u00bb background_position=\u00bbcenter_left\u00bb custom_padding=\u00bb106px||209px|||\u00bb hover_enabled=\u00bb0&#8243; background_last_edited=\u00bbon|phone\u00bb background_position_phone=\u00bbcenter\u00bb locked=\u00bboff\u00bb theme_builder_area=\u00bbpost_content\u00bb background_horizontal_offset=\u00bb-5%\u00bb sticky_enabled=\u00bb0&#8243;][et_pb_row column_structure=\u00bb3_5,2_5&#8243; _builder_version=\u00bb4.5.7&#8243; _module_preset=\u00bbdefault\u00bb theme_builder_area=\u00bbpost_content\u00bb][et_pb_column type=\u00bb3_5&#8243; _builder_version=\u00bb4.5.7&#8243; _module_preset=\u00bbdefault\u00bb theme_builder_area=\u00bbpost_content\u00bb][et_pb_text _builder_version=\u00bb4.5.7&#8243; _module_preset=\u00bbdefault\u00bb text_font=\u00bbArchivo Black||||||||\u00bb text_text_color=\u00bb#000000&#8243; text_font_size=\u00bb40px\u00bb text_line_height=\u00bb1.2em\u00bb text_font_size_tablet=\u00bb\u00bb text_font_size_phone=\u00bb24px\u00bb text_font_size_last_edited=\u00bbon|desktop\u00bb text_text_shadow_style=\u00bbpreset1&#8243; text_text_shadow_color=\u00bb#ffffff\u00bb theme_builder_area=\u00bbpost_content\u00bb]<\/p>\n<p>El audio que ser\u00e1 de apoyo<br \/> seg\u00fan sea tu necesidad&#8230;<\/p>\n<p>[\/et_pb_text][\/et_pb_column][et_pb_column type=\u00bb2_5&#8243; _builder_version=\u00bb4.5.7&#8243; _module_preset=\u00bbdefault\u00bb theme_builder_area=\u00bbpost_content\u00bb][\/et_pb_column][\/et_pb_row][\/et_pb_section][et_pb_section fb_built=\u00bb1&#8243; _builder_version=\u00bb4.5.7&#8243; _module_preset=\u00bbdefault\u00bb custom_padding=\u00bb16px|||||\u00bb locked=\u00bboff\u00bb theme_builder_area=\u00bbpost_content\u00bb][et_pb_row _builder_version=\u00bb4.5.7&#8243; _module_preset=\u00bbdefault\u00bb theme_builder_area=\u00bbpost_content\u00bb custom_padding=\u00bb9px|||||\u00bb][et_pb_column type=\u00bb4_4&#8243; _builder_version=\u00bb4.5.7&#8243; _module_preset=\u00bbdefault\u00bb theme_builder_area=\u00bbpost_content\u00bb][et_pb_text _builder_version=\u00bb4.5.7&#8243; _module_preset=\u00bbdefault\u00bb text_text_color=\u00bb#000000&#8243; text_font_size=\u00bb21px\u00bb text_line_height=\u00bb1.3em\u00bb text_font_size_tablet=\u00bb\u00bb text_font_size_phone=\u00bb14px\u00bb text_font_size_last_edited=\u00bbon|phone\u00bb theme_builder_area=\u00bbpost_content\u00bb]<\/p>\n<p><strong>Ansiedad<\/strong> (Ataques de panico)<br \/> <strong>Estr\u00e9s<\/strong> (Personas con mucho trabajo)<br \/> <strong>Depresi\u00f3n<\/strong> (Tristeza, llanto)<br \/> <strong>Insomnio<\/strong> (Problemas del sue\u00f1o)<br \/> <strong>Regresi\u00f3n en esta vida<\/strong> (Sanando tu ni\u00f1o interior)<br \/> <strong>Regresi\u00f3n a vidas pasadas<\/strong> (Sanando tu Alma)<br \/> <strong>Miedos<\/strong> (Fobias)<br \/> <strong>Inseguridad<\/strong> (Mejorar la auto estima,, eliminar celos y\u00a0 miedo de actuar)<br \/> <strong>Nerviosismo<\/strong> (Para personas nerviosas)<br \/> <strong>Negativismo<\/strong> (Todo lo ven mal)<br \/> <strong>Adicciones<\/strong> (Drogas, Az\u00facar, Personas, Sexo, Apostar, etc.)<br \/> <strong>Tabaquismo<\/strong> (Para dejar de fumar)<br \/> <strong>Alcoholismo<\/strong> (Para dejar de tomar alcohol)<br \/> <strong>Sobrepeso<\/strong> (Obesidad, gordura)<br \/> <strong>Agresividad<\/strong> (Ira, coraje)<br \/> <strong>Amnesia<\/strong> (Olvidar personas y experiencias traumaticas)<br \/> <strong>Problemas de salud<\/strong> (Apoyo a tratamientos m\u00e9dicos)<br \/> <strong>Sanacion Espiritual<\/strong> (Casos dificiles,\u00a0 esquizofrenia,\u00a0 bipolaridad)<br \/> <strong>Problemas sexuales<\/strong> (Todo tipo de problemas)<br \/> <strong>Dolores cr\u00f3nicos<\/strong> (Todo tipo de dolores)<br \/> <strong>Hablar en p\u00fablico<\/strong> (Para hablar en publico con seguridad)<br \/> <strong>Hacer ejercicio<\/strong> (Para eliminar la debilidad y flojera de hacer ejercicio)<br \/> <strong>Motivaci\u00f3n<\/strong> (Para vivir)<br \/> <strong>Fuerza de voluntad<\/strong> (Hacer lo que tienes que hacer aunque no te guste)<br \/> <strong>Procrastinacion<\/strong> (Dejar todo para despues)<br \/> <strong>Perseverancia<\/strong> (Insistencia, constancia)<br \/> <strong>Relaci\u00f3n que termina<\/strong> (Romantica)<br \/> <strong>Destruyendo Relaci\u00f3n T\u00f3xica<\/strong> (Apegos)<br \/> <strong>Perdida de un ser querido<\/strong> (Sobreponerse al fallecimiento de alguien a quien queremos mucho)<br \/> <strong>Atraccion de abundancia<\/strong> (Problemas econ\u00f3micos)<br \/> <strong>Atraccion de amor<\/strong> (Problemas de pareja)<br \/> <strong>Planeando un futuro exitoso<\/strong> (Fijar la meta adecuada)<br \/> <strong>Desarrollando habilidades psiquicas<\/strong> (Clarividencia,\u00a0 trasmisi\u00f3n de pensamiento,\u00a0 sanacion)<br \/> <strong>Desarrollando la creatividad<\/strong> (Para crear cosas fuera de serie)<br \/> <strong>Armonizando los Chakras<\/strong><br \/> <strong>Pensamientos negativos<\/strong> (para dejar de pensar en tragedias, enfermedades, pobreza, etc.)<br \/> <strong>Recuerdos Negativos<\/strong> (Experiencias Traum\u00e1ticas)<br \/> <strong>Emociones Negativas<\/strong> (Para sentir fuerza, felicidad y triunfo)<br \/> <strong>Dejar de morderse las u\u00f1as<\/strong> (Para tener unas manos hermosas)<br \/> <strong>Terapia para Ni\u00f1os<\/strong> (Hiperactividad y falta de atenci\u00f3n)<br \/> <strong>Enuresis<\/strong> (Para ni\u00f1os que se hacen pipi en la cama)<br \/> <strong>Terapia para Estudiantes<\/strong> (Para mejorar la memoria y la concentracion, aprender idiomas)<br \/> <strong>Trance Profundo<\/strong> (Relajacion intensa y bienestar total)<br \/> <strong>Almas gemela<\/strong>s (Para encontrar la pareja ideal)<br \/> <strong>Apreciando la tormenta<\/strong> (Miedo a los rayos y truenos)<br \/> <strong>Eliminando una verruga<\/strong> (Manchas y espinillas)<br \/> <strong>Dando a luz<\/strong> (Prepar\u00e1ndose para el parto)<br \/> <strong>Encontrar un objeto perdido<\/strong> (Localizar objetos que no recuerdas donde los dejaste)<br \/> <strong>Retrasar el tiempo<\/strong> (Cuando eres muy apresurado)<br \/> <strong>Canci\u00f3n de la vida<\/strong> (Ser mejor M\u00fasico, cantante, bailarine y actores)<br \/> <strong>Prepar\u00e1ndose para una cirug\u00eda<\/strong> (Perder el miedo a las operaciones)<br \/> <strong>TOC Personas obsesivas compulsivas<\/strong> (Que repiten la misma acci\u00f3n muchas veces como checar que puertas y ventanas est\u00e9n cerradas, tricomania)<br \/> <strong>Autoestima<\/strong><br \/> (Amor propio, bienestar\u00a0 consigo mismo y felicidad extrema)<br \/><strong>Vivir el Presente\u00a0<\/strong>(Para dejar de sufrir por un pasado que ya no existe y por un futuro que tal vez nunca llegue)<\/p>\n<p>[\/et_pb_text][et_pb_button button_url=\u00bbhttps:\/\/terapiadehipnosisenaudio.com\/MICATALOGO\/#VER%20TIENDA\u00bb button_text=\u00bbCompra Ahora\u00bb button_alignment=\u00bbcenter\u00bb _builder_version=\u00bb4.27.0&#8243; _module_preset=\u00bbdefault\u00bb custom_button=\u00bbon\u00bb button_text_color=\u00bb#ffffff\u00bb button_bg_color=\u00bb#ef9f00&#8243; hover_enabled=\u00bb0&#8243; theme_builder_area=\u00bbpost_content\u00bb sticky_enabled=\u00bb0&#8243;][\/et_pb_button][\/et_pb_column][\/et_pb_row][\/et_pb_section]<\/p>\n","protected":false},"excerpt":{"rendered":"<p>El audio que ser\u00e1 de apoyo seg\u00fan sea tu necesidad&#8230;Ansiedad (Ataques de panico) Estr\u00e9s (Personas con mucho trabajo) Depresi\u00f3n (Tristeza, llanto) Insomnio (Problemas del sue\u00f1o) Regresi\u00f3n en esta vida (Sanando tu ni\u00f1o interior) Regresi\u00f3n a vidas pasadas (Sanando tu Alma) Miedos (Fobias) Inseguridad (Mejorar la auto estima,, eliminar celos y\u00a0 miedo de actuar) Nerviosismo (Para [&hellip;]<\/p>\n","protected":false},"author":1,"featured_media":0,"parent":0,"menu_order":0,"comment_status":"closed","ping_status":"closed","template":"","meta":{"_et_pb_use_builder":"on","_et_pb_old_content":"<!-- wp:divi\/placeholder \/-->","_et_gb_content_width":"","footnotes":""},"class_list":["post-16","page","type-page","status-publish","hentry"],"nelio_popups_active_popup":"","yoast_head":"<!-- This site is optimized with the Yoast SEO plugin v26.8 - https:\/\/yoast.com\/product\/yoast-seo-wordpress\/ -->\n<title>LISTADO DE AUDIOS - Terapia de hipnosis en audio<\/title>\n<meta name=\"robots\" content=\"index, follow, max-snippet:-1, max-image-preview:large, max-video-preview:-1\" \/>\n<link rel=\"canonical\" href=\"https:\/\/terapiadehipnosisenaudio.com\/MICATALOGO\/index.php\/listado-de-audios\/\" \/>\n<meta property=\"og:locale\" content=\"es_ES\" \/>\n<meta property=\"og:type\" content=\"article\" \/>\n<meta property=\"og:title\" content=\"LISTADO DE AUDIOS - Terapia de hipnosis en audio\" \/>\n<meta property=\"og:description\" content=\"El audio que ser\u00e1 de apoyo seg\u00fan sea tu necesidad...Ansiedad (Ataques de panico) Estr\u00e9s (Personas con mucho trabajo) Depresi\u00f3n (Tristeza, llanto) Insomnio (Problemas del sue\u00f1o) Regresi\u00f3n en esta vida (Sanando tu ni\u00f1o interior) Regresi\u00f3n a vidas pasadas (Sanando tu Alma) Miedos (Fobias) Inseguridad (Mejorar la auto estima,, eliminar celos y\u00a0 miedo de actuar) Nerviosismo (Para [&hellip;]\" \/>\n<meta property=\"og:url\" content=\"https:\/\/terapiadehipnosisenaudio.com\/MICATALOGO\/index.php\/listado-de-audios\/\" \/>\n<meta property=\"og:site_name\" content=\"Terapia de hipnosis en audio\" \/>\n<meta property=\"article:modified_time\" content=\"2025-04-19T16:48:22+00:00\" \/>\n<meta name=\"twitter:card\" content=\"summary_large_image\" \/>\n<script type=\"application\/ld+json\" class=\"yoast-schema-graph\">{\"@context\":\"https:\/\/schema.org\",\"@graph\":[{\"@type\":\"WebPage\",\"@id\":\"https:\/\/terapiadehipnosisenaudio.com\/MICATALOGO\/index.php\/listado-de-audios\/\",\"url\":\"https:\/\/terapiadehipnosisenaudio.com\/MICATALOGO\/index.php\/listado-de-audios\/\",\"name\":\"LISTADO DE AUDIOS - Terapia de hipnosis en audio\",\"isPartOf\":{\"@id\":\"https:\/\/terapiadehipnosisenaudio.com\/MICATALOGO\/#website\"},\"datePublished\":\"2025-04-18T22:40:26+00:00\",\"dateModified\":\"2025-04-19T16:48:22+00:00\",\"breadcrumb\":{\"@id\":\"https:\/\/terapiadehipnosisenaudio.com\/MICATALOGO\/index.php\/listado-de-audios\/#breadcrumb\"},\"inLanguage\":\"es\",\"potentialAction\":[{\"@type\":\"ReadAction\",\"target\":[\"https:\/\/terapiadehipnosisenaudio.com\/MICATALOGO\/index.php\/listado-de-audios\/\"]}]},{\"@type\":\"BreadcrumbList\",\"@id\":\"https:\/\/terapiadehipnosisenaudio.com\/MICATALOGO\/index.php\/listado-de-audios\/#breadcrumb\",\"itemListElement\":[{\"@type\":\"ListItem\",\"position\":1,\"name\":\"Portada\",\"item\":\"https:\/\/terapiadehipnosisenaudio.com\/MICATALOGO\/\"},{\"@type\":\"ListItem\",\"position\":2,\"name\":\"LISTADO DE AUDIOS\"}]},{\"@type\":\"WebSite\",\"@id\":\"https:\/\/terapiadehipnosisenaudio.com\/MICATALOGO\/#website\",\"url\":\"https:\/\/terapiadehipnosisenaudio.com\/MICATALOGO\/\",\"name\":\"Terapia de hipnosis en audio\",\"description\":\"\",\"potentialAction\":[{\"@type\":\"SearchAction\",\"target\":{\"@type\":\"EntryPoint\",\"urlTemplate\":\"https:\/\/terapiadehipnosisenaudio.com\/MICATALOGO\/?s={search_term_string}\"},\"query-input\":{\"@type\":\"PropertyValueSpecification\",\"valueRequired\":true,\"valueName\":\"search_term_string\"}}],\"inLanguage\":\"es\"}]}<\/script>\n<!-- \/ Yoast SEO plugin. -->","yoast_head_json":{"title":"LISTADO DE AUDIOS - Terapia de hipnosis en audio","robots":{"index":"index","follow":"follow","max-snippet":"max-snippet:-1","max-image-preview":"max-image-preview:large","max-video-preview":"max-video-preview:-1"},"canonical":"https:\/\/terapiadehipnosisenaudio.com\/MICATALOGO\/index.php\/listado-de-audios\/","og_locale":"es_ES","og_type":"article","og_title":"LISTADO DE AUDIOS - Terapia de hipnosis en audio","og_description":"El audio que ser\u00e1 de apoyo seg\u00fan sea tu necesidad...Ansiedad (Ataques de panico) Estr\u00e9s (Personas con mucho trabajo) Depresi\u00f3n (Tristeza, llanto) Insomnio (Problemas del sue\u00f1o) Regresi\u00f3n en esta vida (Sanando tu ni\u00f1o interior) Regresi\u00f3n a vidas pasadas (Sanando tu Alma) Miedos (Fobias) Inseguridad (Mejorar la auto estima,, eliminar celos y\u00a0 miedo de actuar) Nerviosismo (Para [&hellip;]","og_url":"https:\/\/terapiadehipnosisenaudio.com\/MICATALOGO\/index.php\/listado-de-audios\/","og_site_name":"Terapia de hipnosis en audio","article_modified_time":"2025-04-19T16:48:22+00:00","twitter_card":"summary_large_image","schema":{"@context":"https:\/\/schema.org","@graph":[{"@type":"WebPage","@id":"https:\/\/terapiadehipnosisenaudio.com\/MICATALOGO\/index.php\/listado-de-audios\/","url":"https:\/\/terapiadehipnosisenaudio.com\/MICATALOGO\/index.php\/listado-de-audios\/","name":"LISTADO DE AUDIOS - Terapia de hipnosis en audio","isPartOf":{"@id":"https:\/\/terapiadehipnosisenaudio.com\/MICATALOGO\/#website"},"datePublished":"2025-04-18T22:40:26+00:00","dateModified":"2025-04-19T16:48:22+00:00","breadcrumb":{"@id":"https:\/\/terapiadehipnosisenaudio.com\/MICATALOGO\/index.php\/listado-de-audios\/#breadcrumb"},"inLanguage":"es","potentialAction":[{"@type":"ReadAction","target":["https:\/\/terapiadehipnosisenaudio.com\/MICATALOGO\/index.php\/listado-de-audios\/"]}]},{"@type":"BreadcrumbList","@id":"https:\/\/terapiadehipnosisenaudio.com\/MICATALOGO\/index.php\/listado-de-audios\/#breadcrumb","itemListElement":[{"@type":"ListItem","position":1,"name":"Portada","item":"https:\/\/terapiadehipnosisenaudio.com\/MICATALOGO\/"},{"@type":"ListItem","position":2,"name":"LISTADO DE AUDIOS"}]},{"@type":"WebSite","@id":"https:\/\/terapiadehipnosisenaudio.com\/MICATALOGO\/#website","url":"https:\/\/terapiadehipnosisenaudio.com\/MICATALOGO\/","name":"Terapia de hipnosis en audio","description":"","potentialAction":[{"@type":"SearchAction","target":{"@type":"EntryPoint","urlTemplate":"https:\/\/terapiadehipnosisenaudio.com\/MICATALOGO\/?s={search_term_string}"},"query-input":{"@type":"PropertyValueSpecification","valueRequired":true,"valueName":"search_term_string"}}],"inLanguage":"es"}]}},"_links":{"self":[{"href":"https:\/\/terapiadehipnosisenaudio.com\/MICATALOGO\/index.php\/wp-json\/wp\/v2\/pages\/16","targetHints":{"allow":["GET"]}}],"collection":[{"href":"https:\/\/terapiadehipnosisenaudio.com\/MICATALOGO\/index.php\/wp-json\/wp\/v2\/pages"}],"about":[{"href":"https:\/\/terapiadehipnosisenaudio.com\/MICATALOGO\/index.php\/wp-json\/wp\/v2\/types\/page"}],"author":[{"embeddable":true,"href":"https:\/\/terapiadehipnosisenaudio.com\/MICATALOGO\/index.php\/wp-json\/wp\/v2\/users\/1"}],"replies":[{"embeddable":true,"href":"https:\/\/terapiadehipnosisenaudio.com\/MICATALOGO\/index.php\/wp-json\/wp\/v2\/comments?post=16"}],"version-history":[{"count":6,"href":"https:\/\/terapiadehipnosisenaudio.com\/MICATALOGO\/index.php\/wp-json\/wp\/v2\/pages\/16\/revisions"}],"predecessor-version":[{"id":358,"href":"https:\/\/terapiadehipnosisenaudio.com\/MICATALOGO\/index.php\/wp-json\/wp\/v2\/pages\/16\/revisions\/358"}],"wp:attachment":[{"href":"https:\/\/terapiadehipnosisenaudio.com\/MICATALOGO\/index.php\/wp-json\/wp\/v2\/media?parent=16"}],"curies":[{"name":"wp","href":"https:\/\/api.w.org\/{rel}","templated":true}]}}