{"id":665,"date":"2026-01-23T20:04:20","date_gmt":"2026-01-23T20:04:20","guid":{"rendered":"https:\/\/terapiadehipnosisenaudio.com\/MICATALOGO\/index.php\/membership-join\/"},"modified":"2026-03-27T14:10:21","modified_gmt":"2026-03-27T14:10:21","slug":"membership-join","status":"publish","type":"page","link":"https:\/\/terapiadehipnosisenaudio.com\/MICATALOGO\/","title":{"rendered":"Join Us"},"content":{"rendered":"<p>[et_pb_section fb_built=\u00bb1&#8243; admin_label=\u00bbsection\u00bb _builder_version=\u00bb4.27.0&#8243; background_color=\u00bbrgba(255,255,255,0.64)\u00bb background_image=\u00bbhttps:\/\/terapiadehipnosisenaudio.com\/MICATALOGO\/wp-content\/uploads\/2026\/01\/chica-audifonos.png\u00bb background_blend=\u00bbsoft-light\u00bb custom_padding=\u00bb20px||106px|||\u00bb global_colors_info=\u00bb{}\u00bb][et_pb_row _builder_version=\u00bb4.27.0&#8243; _module_preset=\u00bbdefault\u00bb width_tablet=\u00bb\u00bb width_phone=\u00bb95%\u00bb width_last_edited=\u00bbon|phone\u00bb max_width=\u00bb80%\u00bb max_width_tablet=\u00bb80%\u00bb max_width_phone=\u00bb95%\u00bb max_width_last_edited=\u00bbon|desktop\u00bb module_alignment=\u00bbcenter\u00bb global_colors_info=\u00bb{}\u00bb][et_pb_column type=\u00bb4_4&#8243; _builder_version=\u00bb4.27.0&#8243; _module_preset=\u00bbdefault\u00bb global_colors_info=\u00bb{}\u00bb][et_pb_text content_tablet=\u00bb<\/p>\n<p><a href=%22https:\/\/youtu.be\/Cw3CIvx2d_4%22><img src=%22https:\/\/terapiadehipnosisenaudio.com\/MICATALOGO\/wp-content\/uploads\/2026\/01\/muestra-gratis-300x102.png%22 width=%22244%22 height=%2283%22 alt=%22%22 class=%22wp-image-828 alignnone size-medium%22 \/><\/a> <a href=%22https:\/\/www.facebook.com\/groups\/253674780423113\/?ref=share_group_link%22><img src=%22https:\/\/terapiadehipnosisenaudio.com\/MICATALOGO\/wp-content\/uploads\/2026\/01\/testimonios-300x102.png%22 width=%22235%22 height=%2280%22 alt=%22%22 class=%22wp-image-829 alignnone size-medium%22 \/><\/a><\/p>\n<p>\u00bb content_phone=\u00bb<\/p>\n<p><a href=%22https:\/\/youtu.be\/4eJ4NbivmEk%22><img src=%22https:\/\/terapiadehipnosisenaudio.com\/MICATALOGO\/wp-content\/uploads\/2026\/01\/muestra-gratis-300x102.png%22 width=%22171%22 height=%2258%22 alt=%22%22 class=%22wp-image-828 alignnone size-medium%22 \/><\/a> <a href=%22https:\/\/www.facebook.com\/groups\/253674780423113\/?ref=share_group_link%22><img src=%22https:\/\/terapiadehipnosisenaudio.com\/MICATALOGO\/wp-content\/uploads\/2026\/01\/testimonios-300x102.png%22 width=%22173%22 height=%2259%22 alt=%22%22 class=%22wp-image-829 alignnone size-medium%22 \/><\/a><\/p>\n<p>\u00bb content_last_edited=\u00bbon|phone\u00bb _builder_version=\u00bb4.27.0&#8243; _module_preset=\u00bbdefault\u00bb text_orientation=\u00bbcenter\u00bb global_colors_info=\u00bb{}\u00bb]<\/p>\n<p><a href=\"https:\/\/youtu.be\/4eJ4NbivmEk\" target=\"_blank\" rel=\"noopener\" title=\"MUESTRA GRATIS\"><img loading=\"lazy\" decoding=\"async\" src=\"https:\/\/terapiadehipnosisenaudio.com\/MICATALOGO\/wp-content\/uploads\/2026\/01\/muestra-gratis-300x102.png\" width=\"244\" height=\"83\" alt=\"\" class=\"wp-image-828 alignnone size-medium\" \/><\/a> <a href=\"https:\/\/www.facebook.com\/groups\/253674780423113\/?ref=share_group_link\"><img loading=\"lazy\" decoding=\"async\" src=\"https:\/\/terapiadehipnosisenaudio.com\/MICATALOGO\/wp-content\/uploads\/2026\/01\/testimonios-300x102.png\" width=\"235\" height=\"80\" alt=\"\" class=\"wp-image-829 alignnone size-medium\" \/><\/a><\/p>\n<p>[\/et_pb_text][\/et_pb_column][\/et_pb_row][et_pb_row admin_label=\u00bbrow\u00bb _builder_version=\u00bb4.27.0&#8243; background_size=\u00bbinitial\u00bb background_position=\u00bbtop_left\u00bb background_repeat=\u00bbrepeat\u00bb width=\u00bb70%\u00bb width_tablet=\u00bb70%\u00bb width_phone=\u00bb90%\u00bb width_last_edited=\u00bbon|phone\u00bb max_width=\u00bb90%\u00bb custom_padding=\u00bb7px||55px|||\u00bb global_colors_info=\u00bb{}\u00bb][et_pb_column type=\u00bb4_4&#8243; _builder_version=\u00bb4.16&#8243; custom_padding=\u00bb|||\u00bb global_colors_info=\u00bb{}\u00bb custom_padding__hover=\u00bb|||\u00bb][et_pb_image src=\u00bbhttps:\/\/terapiadehipnosisenaudio.com\/MICATALOGO\/wp-content\/uploads\/2026\/01\/LogTerapiasPresenc2-3.png\u00bb title_text=\u00bbLogTerapiasPresenc2&#8243; _builder_version=\u00bb4.27.0&#8243; _module_preset=\u00bbdefault\u00bb width=\u00bb80%\u00bb width_tablet=\u00bb80%\u00bb width_phone=\u00bb100%\u00bb width_last_edited=\u00bbon|phone\u00bb max_width=\u00bb100%\u00bb module_alignment=\u00bbcenter\u00bb min_height=\u00bb50%\u00bb min_height_tablet=\u00bb50%\u00bb min_height_phone=\u00bb100%\u00bb min_height_last_edited=\u00bbon|phone\u00bb height=\u00bb50%\u00bb height_tablet=\u00bb50%\u00bb height_phone=\u00bb100%\u00bb height_last_edited=\u00bbon|phone\u00bb custom_margin=\u00bb||||false|false\u00bb global_colors_info=\u00bb{}\u00bb][\/et_pb_image][et_pb_text _builder_version=\u00bb4.27.0&#8243; _module_preset=\u00bbdefault\u00bb text_font=\u00bb|600|||||||\u00bb text_text_color=\u00bb#000000&#8243; text_font_size=\u00bb37px\u00bb text_line_height=\u00bb1.4em\u00bb text_orientation=\u00bbcenter\u00bb custom_margin=\u00bb||43px|||\u00bb text_font_size_tablet=\u00bb37px\u00bb text_font_size_phone=\u00bb22px\u00bb text_font_size_last_edited=\u00bbon|phone\u00bb global_colors_info=\u00bb{}\u00bb]<\/p>\n<p><span><strong>\u00abLA CADENA HIPNOTICA\u00bb<\/strong><br \/>(SUSCRIPCI\u00d3N)<\/span><\/p>\n<p>[\/et_pb_text][et_pb_text _builder_version=\u00bb4.27.0&#8243; _module_preset=\u00bbdefault\u00bb text_font=\u00bb|700|||||||\u00bb text_text_color=\u00bb#000000&#8243; text_font_size=\u00bb20px\u00bb text_line_height=\u00bb1.2em\u00bb text_orientation=\u00bbcenter\u00bb custom_margin=\u00bb||14px|||\u00bb global_colors_info=\u00bb{}\u00bb]<\/p>\n<p>PARA VER CAT\u00c1LOGO<\/p>\n<p>[\/et_pb_text][et_pb_button button_url=\u00bbhttps:\/\/terapiadehipnosisenaudio.com\/lista\u00bb button_text=\u00bbCLIC AQU\u00cd\u00bb button_alignment=\u00bbcenter\u00bb _builder_version=\u00bb4.27.0&#8243; _module_preset=\u00bbdefault\u00bb custom_button=\u00bbon\u00bb button_text_size=\u00bb21px\u00bb button_text_color=\u00bb#FFFFFF\u00bb button_bg_color=\u00bb#0e8ced\u00bb button_border_width=\u00bb0px\u00bb button_border_radius=\u00bb31px\u00bb button_font=\u00bb|600|||||||\u00bb button_use_icon=\u00bboff\u00bb global_colors_info=\u00bb{}\u00bb][\/et_pb_button][et_pb_code _builder_version=\u00bb4.27.0&#8243; _module_preset=\u00bbdefault\u00bb global_colors_info=\u00bb{}\u00bb][\/et_pb_code][et_pb_text _builder_version=\u00bb4.27.0&#8243; _module_preset=\u00bbdefault\u00bb text_text_color=\u00bb#000000&#8243; text_line_height=\u00bb1.5em\u00bb custom_margin=\u00bb|40px|70px|40px|false|false\u00bb custom_margin_tablet=\u00bb|40px||40px|false|false\u00bb custom_margin_phone=\u00bb|10px||10px|false|false\u00bb custom_margin_last_edited=\u00bbon|phone\u00bb hover_enabled=\u00bb0&#8243; global_colors_info=\u00bb{}\u00bb sticky_enabled=\u00bb0&#8243;]<\/p>\n<p>Puedes escuchar los 60 audios del cat\u00e1logo todas las veces que quieras durante 30 d\u00edas, pagando \u00fanicamente la cantidad de:<br \/><strong>$500.00 Pesos Mexicanos<\/strong><\/p>\n<p>[\/et_pb_text][et_pb_text _builder_version=\u00bb4.27.0&#8243; _module_preset=\u00bbdefault\u00bb text_font=\u00bb|700|||||||\u00bb text_text_color=\u00bb#000000&#8243; text_orientation=\u00bbcenter\u00bb custom_margin=\u00bb||9px|||\u00bb global_colors_info=\u00bb{}\u00bb]<\/p>\n<p><span>PARA SUSCRIBIRSE A LA CADENA HIPNOTICA<\/span><\/p>\n<p>[\/et_pb_text][et_pb_image src=\u00bbhttps:\/\/terapiadehipnosisenaudio.com\/MICATALOGO\/wp-content\/uploads\/2026\/01\/BOTON003.png\u00bb title_text=\u00bbBOTON003&#8243; url=\u00bbhttps:\/\/terapiadehipnosisenaudio.com\/MICATALOGO\/index.php\/membership-join\/membership-registration\/\u00bb align=\u00bbcenter\u00bb _builder_version=\u00bb4.27.0&#8243; _module_preset=\u00bbdefault\u00bb width=\u00bb30%\u00bb width_tablet=\u00bb30%\u00bb width_phone=\u00bb60%\u00bb width_last_edited=\u00bbon|phone\u00bb max_width=\u00bb30%\u00bb max_width_tablet=\u00bb30%\u00bb max_width_phone=\u00bb60%\u00bb max_width_last_edited=\u00bbon|desktop\u00bb global_colors_info=\u00bb{}\u00bb][\/et_pb_image][\/et_pb_column][\/et_pb_row][\/et_pb_section]<\/p>\n","protected":false},"excerpt":{"rendered":"<p>\u00abLA CADENA HIPNOTICA\u00bb(SUSCRIPCI\u00d3N)PARA VER CAT\u00c1LOGOPuedes escuchar los 60 audios del cat\u00e1logo todas las veces que quieras durante 30 d\u00edas, pagando \u00fanicamente la cantidad de:$500.00 Pesos MexicanosPARA SUSCRIBIRSE A LA CADENA HIPNOTICA<\/p>\n","protected":false},"author":1,"featured_media":0,"parent":0,"menu_order":0,"comment_status":"closed","ping_status":"closed","template":"","meta":{"_et_pb_use_builder":"on","_et_pb_old_content":"<p style=\"color:red;font-weight:bold;\">This page and the content has been automatically generated for you to give you a basic idea of how a \"Join Us\" page should look like. You can customize this page however you like it by editing this page from your WordPress page editor.<\/p><p style=\"font-weight:bold;\">If you change the URL of this page, make sure to update the URL value in the settings menu of the plugin.<\/p><p style=\"font-weight:bold;\">If you delete any of the essential pages required by the plugin, <a href=\"https:\/\/simple-membership-plugin.com\/recreating-required-pages-simple-membership-plugin\/\" target=\"_blank\">this documentation<\/a> will guide you in recreating them.<\/p><p style=\"border-top:1px solid #ccc;padding-top:10px;margin-top:10px;\"><\/p>\n\t\t\t<strong>Free Membership<\/strong>\n\t\t\t<br \/>\n\t\t\tYou get unlimited access to free membership content\n\t\t\t<br \/>\n\t\t\t<em><strong>Price: Free!<\/strong><\/em>\n\t\t\t<br \/><br \/>Link the following image to go to the Registration Page if you want your visitors to be able to create a free membership account<br \/><br \/>\n\t\t\t<img title=\"Join Now\" src=\"https:\/\/terapiadehipnosisenaudio.com\/MICATALOGO\/wp-content\/plugins\/simple-membership\/images\/join-now-button-image.gif\" alt=\"Join Now Button\" width=\"277\" height=\"82\" \/>\n\t\t\t<p style=\"border-bottom:1px solid #ccc;padding-bottom:10px;margin-bottom:10px;\"><\/p><p><strong>You can register for a Free Membership or pay for one of the following membership options<\/strong><\/p><p style=\"border-top:1px solid #ccc;padding-top:10px;margin-top:10px;\"><\/p>\n\t\t\t[ ==> Insert Payment Button For Your Paid Membership Levels Here <== ]\n\t\t\t<p style=\"border-bottom:1px solid #ccc;padding-bottom:10px;margin-bottom:10px;\"><\/p>","_et_gb_content_width":"","footnotes":""},"class_list":["post-665","page","type-page","status-publish","hentry"],"nelio_popups_active_popup":"","yoast_head":"<!-- This site is optimized with the Yoast SEO plugin v26.8 - https:\/\/yoast.com\/product\/yoast-seo-wordpress\/ -->\n<title>Join Us - Terapia de hipnosis en audio<\/title>\n<meta name=\"robots\" content=\"index, follow, max-snippet:-1, max-image-preview:large, max-video-preview:-1\" \/>\n<link rel=\"canonical\" href=\"https:\/\/terapiadehipnosisenaudio.com\/MICATALOGO\/\" \/>\n<meta property=\"og:locale\" content=\"es_ES\" \/>\n<meta property=\"og:type\" content=\"article\" \/>\n<meta property=\"og:title\" content=\"Join Us - Terapia de hipnosis en audio\" \/>\n<meta property=\"og:description\" content=\"\u00abLA CADENA HIPNOTICA\u00bb(SUSCRIPCI\u00d3N)PARA VER CAT\u00c1LOGOPuedes escuchar los 60 audios del cat\u00e1logo todas las veces que quieras durante 30 d\u00edas, pagando \u00fanicamente la cantidad de:$500.00 Pesos MexicanosPARA SUSCRIBIRSE A LA CADENA HIPNOTICA\" \/>\n<meta property=\"og:url\" content=\"https:\/\/terapiadehipnosisenaudio.com\/MICATALOGO\/\" \/>\n<meta property=\"og:site_name\" content=\"Terapia de hipnosis en audio\" \/>\n<meta property=\"article:modified_time\" content=\"2026-03-27T14:10:21+00:00\" \/>\n<meta property=\"og:image\" content=\"https:\/\/terapiadehipnosisenaudio.com\/MICATALOGO\/wp-content\/uploads\/2026\/01\/muestra-gratis.png\" \/>\n\t<meta property=\"og:image:width\" content=\"534\" \/>\n\t<meta property=\"og:image:height\" content=\"182\" \/>\n\t<meta property=\"og:image:type\" content=\"image\/png\" \/>\n<meta name=\"twitter:card\" content=\"summary_large_image\" \/>\n<meta name=\"twitter:label1\" content=\"Tiempo de lectura\" \/>\n\t<meta name=\"twitter:data1\" content=\"3 minutos\" \/>\n<script type=\"application\/ld+json\" class=\"yoast-schema-graph\">{\"@context\":\"https:\/\/schema.org\",\"@graph\":[{\"@type\":\"WebPage\",\"@id\":\"https:\/\/terapiadehipnosisenaudio.com\/MICATALOGO\/\",\"url\":\"https:\/\/terapiadehipnosisenaudio.com\/MICATALOGO\/\",\"name\":\"Join Us - Terapia de hipnosis en audio\",\"isPartOf\":{\"@id\":\"https:\/\/terapiadehipnosisenaudio.com\/MICATALOGO\/#website\"},\"primaryImageOfPage\":{\"@id\":\"https:\/\/terapiadehipnosisenaudio.com\/MICATALOGO\/#primaryimage\"},\"image\":{\"@id\":\"https:\/\/terapiadehipnosisenaudio.com\/MICATALOGO\/#primaryimage\"},\"thumbnailUrl\":\"https:\/\/terapiadehipnosisenaudio.com\/MICATALOGO\/wp-content\/uploads\/2026\/01\/muestra-gratis-300x102.png\",\"datePublished\":\"2026-01-23T20:04:20+00:00\",\"dateModified\":\"2026-03-27T14:10:21+00:00\",\"breadcrumb\":{\"@id\":\"https:\/\/terapiadehipnosisenaudio.com\/MICATALOGO\/#breadcrumb\"},\"inLanguage\":\"es\",\"potentialAction\":[{\"@type\":\"ReadAction\",\"target\":[\"https:\/\/terapiadehipnosisenaudio.com\/MICATALOGO\/\"]}]},{\"@type\":\"ImageObject\",\"inLanguage\":\"es\",\"@id\":\"https:\/\/terapiadehipnosisenaudio.com\/MICATALOGO\/#primaryimage\",\"url\":\"https:\/\/terapiadehipnosisenaudio.com\/MICATALOGO\/wp-content\/uploads\/2026\/01\/muestra-gratis.png\",\"contentUrl\":\"https:\/\/terapiadehipnosisenaudio.com\/MICATALOGO\/wp-content\/uploads\/2026\/01\/muestra-gratis.png\",\"width\":534,\"height\":182},{\"@type\":\"BreadcrumbList\",\"@id\":\"https:\/\/terapiadehipnosisenaudio.com\/MICATALOGO\/#breadcrumb\",\"itemListElement\":[{\"@type\":\"ListItem\",\"position\":1,\"name\":\"Portada\",\"item\":\"https:\/\/terapiadehipnosisenaudio.com\/MICATALOGO\/\"},{\"@type\":\"ListItem\",\"position\":2,\"name\":\"Join Us\"}]},{\"@type\":\"WebSite\",\"@id\":\"https:\/\/terapiadehipnosisenaudio.com\/MICATALOGO\/#website\",\"url\":\"https:\/\/terapiadehipnosisenaudio.com\/MICATALOGO\/\",\"name\":\"Terapia de hipnosis en audio\",\"description\":\"\",\"potentialAction\":[{\"@type\":\"SearchAction\",\"target\":{\"@type\":\"EntryPoint\",\"urlTemplate\":\"https:\/\/terapiadehipnosisenaudio.com\/MICATALOGO\/?s={search_term_string}\"},\"query-input\":{\"@type\":\"PropertyValueSpecification\",\"valueRequired\":true,\"valueName\":\"search_term_string\"}}],\"inLanguage\":\"es\"}]}<\/script>\n<!-- \/ Yoast SEO plugin. -->","yoast_head_json":{"title":"Join Us - Terapia de hipnosis en audio","robots":{"index":"index","follow":"follow","max-snippet":"max-snippet:-1","max-image-preview":"max-image-preview:large","max-video-preview":"max-video-preview:-1"},"canonical":"https:\/\/terapiadehipnosisenaudio.com\/MICATALOGO\/","og_locale":"es_ES","og_type":"article","og_title":"Join Us - Terapia de hipnosis en audio","og_description":"\u00abLA CADENA HIPNOTICA\u00bb(SUSCRIPCI\u00d3N)PARA VER CAT\u00c1LOGOPuedes escuchar los 60 audios del cat\u00e1logo todas las veces que quieras durante 30 d\u00edas, pagando \u00fanicamente la cantidad de:$500.00 Pesos MexicanosPARA SUSCRIBIRSE A LA CADENA HIPNOTICA","og_url":"https:\/\/terapiadehipnosisenaudio.com\/MICATALOGO\/","og_site_name":"Terapia de hipnosis en audio","article_modified_time":"2026-03-27T14:10:21+00:00","og_image":[{"width":534,"height":182,"url":"https:\/\/terapiadehipnosisenaudio.com\/MICATALOGO\/wp-content\/uploads\/2026\/01\/muestra-gratis.png","type":"image\/png"}],"twitter_card":"summary_large_image","twitter_misc":{"Tiempo de lectura":"3 minutos"},"schema":{"@context":"https:\/\/schema.org","@graph":[{"@type":"WebPage","@id":"https:\/\/terapiadehipnosisenaudio.com\/MICATALOGO\/","url":"https:\/\/terapiadehipnosisenaudio.com\/MICATALOGO\/","name":"Join Us - Terapia de hipnosis en audio","isPartOf":{"@id":"https:\/\/terapiadehipnosisenaudio.com\/MICATALOGO\/#website"},"primaryImageOfPage":{"@id":"https:\/\/terapiadehipnosisenaudio.com\/MICATALOGO\/#primaryimage"},"image":{"@id":"https:\/\/terapiadehipnosisenaudio.com\/MICATALOGO\/#primaryimage"},"thumbnailUrl":"https:\/\/terapiadehipnosisenaudio.com\/MICATALOGO\/wp-content\/uploads\/2026\/01\/muestra-gratis-300x102.png","datePublished":"2026-01-23T20:04:20+00:00","dateModified":"2026-03-27T14:10:21+00:00","breadcrumb":{"@id":"https:\/\/terapiadehipnosisenaudio.com\/MICATALOGO\/#breadcrumb"},"inLanguage":"es","potentialAction":[{"@type":"ReadAction","target":["https:\/\/terapiadehipnosisenaudio.com\/MICATALOGO\/"]}]},{"@type":"ImageObject","inLanguage":"es","@id":"https:\/\/terapiadehipnosisenaudio.com\/MICATALOGO\/#primaryimage","url":"https:\/\/terapiadehipnosisenaudio.com\/MICATALOGO\/wp-content\/uploads\/2026\/01\/muestra-gratis.png","contentUrl":"https:\/\/terapiadehipnosisenaudio.com\/MICATALOGO\/wp-content\/uploads\/2026\/01\/muestra-gratis.png","width":534,"height":182},{"@type":"BreadcrumbList","@id":"https:\/\/terapiadehipnosisenaudio.com\/MICATALOGO\/#breadcrumb","itemListElement":[{"@type":"ListItem","position":1,"name":"Portada","item":"https:\/\/terapiadehipnosisenaudio.com\/MICATALOGO\/"},{"@type":"ListItem","position":2,"name":"Join Us"}]},{"@type":"WebSite","@id":"https:\/\/terapiadehipnosisenaudio.com\/MICATALOGO\/#website","url":"https:\/\/terapiadehipnosisenaudio.com\/MICATALOGO\/","name":"Terapia de hipnosis en audio","description":"","potentialAction":[{"@type":"SearchAction","target":{"@type":"EntryPoint","urlTemplate":"https:\/\/terapiadehipnosisenaudio.com\/MICATALOGO\/?s={search_term_string}"},"query-input":{"@type":"PropertyValueSpecification","valueRequired":true,"valueName":"search_term_string"}}],"inLanguage":"es"}]}},"_links":{"self":[{"href":"https:\/\/terapiadehipnosisenaudio.com\/MICATALOGO\/index.php\/wp-json\/wp\/v2\/pages\/665","targetHints":{"allow":["GET"]}}],"collection":[{"href":"https:\/\/terapiadehipnosisenaudio.com\/MICATALOGO\/index.php\/wp-json\/wp\/v2\/pages"}],"about":[{"href":"https:\/\/terapiadehipnosisenaudio.com\/MICATALOGO\/index.php\/wp-json\/wp\/v2\/types\/page"}],"author":[{"embeddable":true,"href":"https:\/\/terapiadehipnosisenaudio.com\/MICATALOGO\/index.php\/wp-json\/wp\/v2\/users\/1"}],"replies":[{"embeddable":true,"href":"https:\/\/terapiadehipnosisenaudio.com\/MICATALOGO\/index.php\/wp-json\/wp\/v2\/comments?post=665"}],"version-history":[{"count":27,"href":"https:\/\/terapiadehipnosisenaudio.com\/MICATALOGO\/index.php\/wp-json\/wp\/v2\/pages\/665\/revisions"}],"predecessor-version":[{"id":852,"href":"https:\/\/terapiadehipnosisenaudio.com\/MICATALOGO\/index.php\/wp-json\/wp\/v2\/pages\/665\/revisions\/852"}],"wp:attachment":[{"href":"https:\/\/terapiadehipnosisenaudio.com\/MICATALOGO\/index.php\/wp-json\/wp\/v2\/media?parent=665"}],"curies":[{"name":"wp","href":"https:\/\/api.w.org\/{rel}","templated":true}]}}